{"id":293,"date":"2020-10-30T23:41:51","date_gmt":"2020-10-30T23:41:51","guid":{"rendered":"https:\/\/livwell.mx\/resinas\/?page_id=293"},"modified":"2020-11-05T01:20:35","modified_gmt":"2020-11-05T01:20:35","slug":"clearcoat-for-metallic-coatings","status":"publish","type":"page","link":"https:\/\/livwell.mx\/resinas\/nuevos-productos\/clearcoat-for-metallic-coatings\/","title":{"rendered":"CLEARCOAT (FOR METALLIC COATINGS)"},"content":{"rendered":"\n<div class=\"wp-block-columns\">\n<div class=\"wp-block-column\">\n<p><strong>Clearcoat For Metallic Coatins <\/strong>es el revestimiento transparente ECOPOXY&nbsp;es un revestimiento para pisos transparente brillante que es resistente a la luz, estable a los rayos UV y no amarillea.&nbsp;Esta vers\u00e1til soluci\u00f3n para pisos es ideal para muchas funciones en diferentes ubicaciones al tiempo que proporciona una durabilidad y resistencia qu\u00edmica superiores.&nbsp;Se puede incorporar una variedad de agregados antideslizantes, lo que lo convierte en una opci\u00f3n segura o chips de color para una opci\u00f3n decorativa en muchos lugares diferentes.<\/p>\n<\/div>\n\n\n\n<div class=\"wp-block-column\">\n<p>ECOPOXY CLEAR COAT&nbsp;se utiliza con regularidad en entornos comerciales, industriales e institucionales donde se requiere un recubrimiento transparente como:<\/p>\n\n\n\n<ul><li>Instalaciones m\u00e9dicas y sanitarias.<\/li><li>Cl\u00ednicas veterinarias y perreras.<\/li><li>Entornos de laboratorio, investigaci\u00f3n y educaci\u00f3n.<\/li><li>Instalaciones de mantenimiento de veh\u00edculos.<\/li><li>Oficinas, vest\u00edbulos y espacios p\u00fablicos.<\/li><\/ul>\n<\/div>\n<\/div>\n\n\n\n<div class=\"wp-block-image\"><figure class=\"aligncenter size-large is-resized\"><img loading=\"lazy\" src=\"https:\/\/livwell.mx\/resinas\/wp-content\/uploads\/2020\/11\/clearcoat-2-edited.jpg\" alt=\"\" class=\"wp-image-328\" width=\"960\" height=\"NaN\" srcset=\"https:\/\/livwell.mx\/resinas\/wp-content\/uploads\/2020\/11\/clearcoat-2-edited.jpg 1280w, https:\/\/livwell.mx\/resinas\/wp-content\/uploads\/2020\/11\/clearcoat-2-edited-300x225.jpg 300w, https:\/\/livwell.mx\/resinas\/wp-content\/uploads\/2020\/11\/clearcoat-2-edited-1024x766.jpg 1024w, https:\/\/livwell.mx\/resinas\/wp-content\/uploads\/2020\/11\/clearcoat-2-edited-768x575.jpg 768w\" sizes=\"(max-width: 1280px) 100vw, 1280px\" \/><\/figure><\/div>\n\n\n\n<div style=\"height:50px\" aria-hidden=\"true\" class=\"wp-block-spacer\"><\/div>\n\n\n\n<p>ECOPOXY CLEAR COAT\u00a0es de bajo olor, bajo contenido de compuestos org\u00e1nicos vol\u00e1tiles y no es t\u00f3xico.\u00a0Es aceptable para su uso donde hay presencia de tr\u00e1fico pesado, qu\u00edmicos corrosivos, impactos y abrasiones.\u00a0Ofrece una excelente dureza, durabilidad y es 100% resistente al agua.\u00a0Esta combinaci\u00f3n de propiedades ambientales y de desempe\u00f1o lo convierte en el favorito de los arquitectos y administradores de propiedades<\/p>\n\n\n\n<p>Beneficios del revestimiento transparente ECOPOXY:<\/p>\n\n\n\n<div class=\"wp-block-columns\">\n<div class=\"wp-block-column\">\n<ul><li>Poco olor, bajo contenido de COV, no t\u00f3xico.<\/li><li>Calidad comercial e industrial.<\/li><li>No se adhiere a neum\u00e1ticos calientes.<\/li><li>100% resistente al agua a largo plazo.<\/li><li>Excelente resistencia qu\u00edmica y dureza.<\/li><li>Alta adherencia.<\/li><li>Autocebante en la mayor\u00eda de superficies.<\/li><li>Buena retenci\u00f3n de claridad y brillo.<\/li><li>Acabado autonivelante.<\/li><li>Resiste el agrietamiento, pelado y astillado.<\/li><\/ul>\n<\/div>\n\n\n\n<div class=\"wp-block-column\">\n<ul><li>Aceptable para tr\u00e1fico motorizado.<\/li><li>Da como resultado una apariencia hermosa de alta calidad y duradera.<\/li><li>Se puede caminar en 48 horas.<\/li><li>Se puede pigmentar con pigmentos solidos o Met\u00e1licos para darle diferentes efectos.<\/li><li>Presentaci\u00f3n de 12L Clear Coat for Metalilc Coating.<\/li><li>Rendimiento de 16.72 metros cuadrados.<\/li><\/ul>\n<\/div>\n<\/div>\n\n\n\n<p><\/p>\n","protected":false},"excerpt":{"rendered":"<p>Clearcoat For Metallic Coatins es el revestimiento transparente ECOPOXY&nbsp;es un revestimiento para pisos transparente brillante que es resistente a la luz, estable a los rayos UV y no amarillea.&nbsp;Esta vers\u00e1til soluci\u00f3n para pisos es ideal para muchas funciones en diferentes ubicaciones al tiempo que proporciona una durabilidad y resistencia qu\u00edmica superiores.&nbsp;Se puede incorporar una variedad [&hellip;]<\/p>\n","protected":false},"author":1,"featured_media":294,"parent":11,"menu_order":0,"comment_status":"closed","ping_status":"closed","template":"","meta":{"spay_email":""},"_links":{"self":[{"href":"https:\/\/livwell.mx\/resinas\/wp-json\/wp\/v2\/pages\/293"}],"collection":[{"href":"https:\/\/livwell.mx\/resinas\/wp-json\/wp\/v2\/pages"}],"about":[{"href":"https:\/\/livwell.mx\/resinas\/wp-json\/wp\/v2\/types\/page"}],"author":[{"embeddable":true,"href":"https:\/\/livwell.mx\/resinas\/wp-json\/wp\/v2\/users\/1"}],"replies":[{"embeddable":true,"href":"https:\/\/livwell.mx\/resinas\/wp-json\/wp\/v2\/comments?post=293"}],"version-history":[{"count":6,"href":"https:\/\/livwell.mx\/resinas\/wp-json\/wp\/v2\/pages\/293\/revisions"}],"predecessor-version":[{"id":330,"href":"https:\/\/livwell.mx\/resinas\/wp-json\/wp\/v2\/pages\/293\/revisions\/330"}],"up":[{"embeddable":true,"href":"https:\/\/livwell.mx\/resinas\/wp-json\/wp\/v2\/pages\/11"}],"wp:featuredmedia":[{"embeddable":true,"href":"https:\/\/livwell.mx\/resinas\/wp-json\/wp\/v2\/media\/294"}],"wp:attachment":[{"href":"https:\/\/livwell.mx\/resinas\/wp-json\/wp\/v2\/media?parent=293"}],"curies":[{"name":"wp","href":"https:\/\/api.w.org\/{rel}","templated":true}]}}